{"id":12,"date":"2021-05-29T15:05:23","date_gmt":"2021-05-29T13:05:23","guid":{"rendered":"http:\/\/www.aki-telecom.fr\/?page_id=12"},"modified":"2021-06-07T10:45:14","modified_gmt":"2021-06-07T08:45:14","slug":"nos-valeurs","status":"publish","type":"page","link":"https:\/\/www.aki-telecom.fr\/","title":{"rendered":"Nos valeurs"},"content":{"rendered":"\n<div class=\"wp-block-cover alignfull has-white-background-color has-background-dim hestia-clear-top-padding\" style=\"min-height:932px\"><div class=\"wp-block-cover__inner-container\">\n<h2 class=\"has-text-align-center has-text-color\" style=\"color:#3c4858\">Nos valeurs<\/h2>\n\n\n\n<div style=\"height:40px\" aria-hidden=\"true\" class=\"wp-block-spacer\"><\/div>\n\n\n\n<div class=\"wp-block-columns container\">\n<div class=\"wp-block-column\">\n<div class=\"wp-block-image\"><figure class=\"aligncenter size-large is-resized\"><img loading=\"lazy\" src=\"https:\/\/www.aki-telecom.fr\/wp-content\/uploads\/2021\/05\/gagner.png\" alt=\"\" class=\"wp-image-65\" width=\"99\" height=\"98\"\/><\/figure><\/div>\n\n\n\n<h5 class=\"has-text-align-center has-text-color\" style=\"color:#3c4858;font-size:18px\">Partenariat <\/h5>\n\n\n\n<p class=\"has-text-align-center has-text-color\" style=\"color:#999999;font-size:14px\">Conscient que le succ\u00e8s se construit ensemble, nous nous effor\u00e7ons de forger des partenariats vertueux.<\/p>\n\n\n\n<div style=\"height:25px\" aria-hidden=\"true\" class=\"wp-block-spacer\"><\/div>\n<\/div>\n\n\n\n<div class=\"wp-block-column\">\n<div class=\"wp-block-image\"><figure class=\"aligncenter size-large is-resized\"><img loading=\"lazy\" src=\"https:\/\/www.aki-telecom.fr\/wp-content\/uploads\/2021\/05\/goal.png\" alt=\"\" class=\"wp-image-62\" width=\"101\" height=\"97\"\/><\/figure><\/div>\n\n\n\n<h5 class=\"has-text-align-center has-text-color\" style=\"color:#3c4858;font-size:18px\">Qualit\u00e9<\/h5>\n\n\n\n<p class=\"has-text-align-center has-text-color\" style=\"color:#999999;font-size:14px\">Chez AKI t\u00e9l\u00e9com, la qualit\u00e9 est et restera toujours une priorit\u00e9.<\/p>\n\n\n\n<p><\/p>\n\n\n\n<p><\/p>\n\n\n\n<div style=\"height:25px\" aria-hidden=\"true\" class=\"wp-block-spacer\"><\/div>\n\n\n\n<p><\/p>\n<\/div>\n\n\n\n<div class=\"wp-block-column\">\n<div class=\"wp-block-image\"><figure class=\"aligncenter size-large is-resized\"><img loading=\"lazy\" src=\"https:\/\/www.aki-telecom.fr\/wp-content\/uploads\/2021\/05\/business-intelligence.png\" alt=\"\" class=\"wp-image-64\" width=\"103\" height=\"98\"\/><\/figure><\/div>\n\n\n\n<h5 class=\"has-text-align-center has-text-color\" style=\"color:#3c4858;font-size:18px\">Efficience<\/h5>\n\n\n\n<p class=\"has-text-align-center has-text-color\" style=\"color:#999999;font-size:14px\">Notre organisation se focalise sur l&#8217;efficience en redonnant \u00e0 chaque c\u0153ur de m\u00e9tier son importance.<\/p>\n\n\n\n<p><\/p>\n\n\n\n<div style=\"height:25px\" aria-hidden=\"true\" class=\"wp-block-spacer\"><\/div>\n<\/div>\n<\/div>\n\n\n\n<div style=\"height:40px\" aria-hidden=\"true\" class=\"wp-block-spacer\"><\/div>\n<\/div><\/div>\n\n\n\n<div class=\"wp-block-columns container\">\n<div class=\"wp-block-column col-md-6 col-md-offset1\">\n<p><\/p>\n<\/div>\n<\/div>\n","protected":false},"excerpt":{"rendered":"","protected":false},"author":1,"featured_media":0,"parent":0,"menu_order":1,"comment_status":"closed","ping_status":"closed","template":"page-templates\/template-fullwidth.php","meta":{"content-type":""},"_links":{"self":[{"href":"https:\/\/www.aki-telecom.fr\/index.php\/wp-json\/wp\/v2\/pages\/12"}],"collection":[{"href":"https:\/\/www.aki-telecom.fr\/index.php\/wp-json\/wp\/v2\/pages"}],"about":[{"href":"https:\/\/www.aki-telecom.fr\/index.php\/wp-json\/wp\/v2\/types\/page"}],"author":[{"embeddable":true,"href":"https:\/\/www.aki-telecom.fr\/index.php\/wp-json\/wp\/v2\/users\/1"}],"replies":[{"embeddable":true,"href":"https:\/\/www.aki-telecom.fr\/index.php\/wp-json\/wp\/v2\/comments?post=12"}],"version-history":[{"count":9,"href":"https:\/\/www.aki-telecom.fr\/index.php\/wp-json\/wp\/v2\/pages\/12\/revisions"}],"predecessor-version":[{"id":99,"href":"https:\/\/www.aki-telecom.fr\/index.php\/wp-json\/wp\/v2\/pages\/12\/revisions\/99"}],"wp:attachment":[{"href":"https:\/\/www.aki-telecom.fr\/index.php\/wp-json\/wp\/v2\/media?parent=12"}],"curies":[{"name":"wp","href":"https:\/\/api.w.org\/{rel}","templated":true}]}}